{"id":37,"date":"2024-11-08T16:03:31","date_gmt":"2024-11-08T16:03:31","guid":{"rendered":"https:\/\/shop.madeonearth.cz\/?post_type=product&#038;p=37"},"modified":"2024-11-16T15:25:04","modified_gmt":"2024-11-16T14:25:04","slug":"triko-panske","status":"publish","type":"product","link":"https:\/\/shop.madeonearth.cz\/cz\/produkt\/triko-panske\/","title":{"rendered":"P\u00e1nsk\u00e9 tri\u010dko"},"content":{"rendered":"","protected":false},"excerpt":{"rendered":"<div class=\"woocommerce-product-details__short-description\">\n<p><span data-complaint-type=\"fullTextTranslation\">\u010cern\u00e9 p\u00e1nsk\u00e9 tri\u010dko s logem.<br \/>\n<\/span><span data-complaint-type=\"fullTextTranslation\">Potisk reflexn\u00ed barvou.<\/span><\/p>\n<\/div>","protected":false},"featured_media":39,"template":"","meta":[],"product_brand":[],"product_cat":[22],"product_tag":[],"class_list":{"0":"post-37","1":"product","2":"type-product","3":"status-publish","4":"has-post-thumbnail","6":"product_cat-t-shirts","7":"product_shipping_class-tricka","9":"first","10":"instock","11":"shipping-taxable","12":"purchasable","13":"product-type-variable"},"_links":{"self":[{"href":"https:\/\/shop.madeonearth.cz\/cz\/wp-json\/wp\/v2\/product\/37","targetHints":{"allow":["GET"]}}],"collection":[{"href":"https:\/\/shop.madeonearth.cz\/cz\/wp-json\/wp\/v2\/product"}],"about":[{"href":"https:\/\/shop.madeonearth.cz\/cz\/wp-json\/wp\/v2\/types\/product"}],"wp:featuredmedia":[{"embeddable":true,"href":"https:\/\/shop.madeonearth.cz\/cz\/wp-json\/wp\/v2\/media\/39"}],"wp:attachment":[{"href":"https:\/\/shop.madeonearth.cz\/cz\/wp-json\/wp\/v2\/media?parent=37"}],"wp:term":[{"taxonomy":"product_brand","embeddable":true,"href":"https:\/\/shop.madeonearth.cz\/cz\/wp-json\/wp\/v2\/product_brand?post=37"},{"taxonomy":"product_cat","embeddable":true,"href":"https:\/\/shop.madeonearth.cz\/cz\/wp-json\/wp\/v2\/product_cat?post=37"},{"taxonomy":"product_tag","embeddable":true,"href":"https:\/\/shop.madeonearth.cz\/cz\/wp-json\/wp\/v2\/product_tag?post=37"}],"curies":[{"name":"wp","href":"https:\/\/api.w.org\/{rel}","templated":true}]}}