{"id":40,"date":"2024-11-08T16:06:34","date_gmt":"2024-11-08T16:06:34","guid":{"rendered":"https:\/\/shop.madeonearth.cz\/?post_type=product&#038;p=40"},"modified":"2024-11-16T14:51:21","modified_gmt":"2024-11-16T13:51:21","slug":"triko-damske","status":"publish","type":"product","link":"https:\/\/shop.madeonearth.cz\/cz\/produkt\/triko-damske\/","title":{"rendered":"D\u00e1msk\u00e9 tri\u010dko"},"content":{"rendered":"","protected":false},"excerpt":{"rendered":"<p><span data-complaint-type=\"fullTextTranslation\">\u010cern\u00e9 d\u00e1msk\u00e9 tri\u010dko s logem.<br \/>\n<\/span><span data-complaint-type=\"fullTextTranslation\">Potisk reflexn\u00ed barvou.<\/span><\/p>","protected":false},"featured_media":38,"template":"","meta":[],"product_brand":[],"product_cat":[22],"product_tag":[],"class_list":{"0":"post-40","1":"product","2":"type-product","3":"status-publish","4":"has-post-thumbnail","6":"product_cat-t-shirts","7":"product_shipping_class-tricka","9":"first","10":"instock","11":"shipping-taxable","12":"purchasable","13":"product-type-variable"},"_links":{"self":[{"href":"https:\/\/shop.madeonearth.cz\/cz\/wp-json\/wp\/v2\/product\/40","targetHints":{"allow":["GET"]}}],"collection":[{"href":"https:\/\/shop.madeonearth.cz\/cz\/wp-json\/wp\/v2\/product"}],"about":[{"href":"https:\/\/shop.madeonearth.cz\/cz\/wp-json\/wp\/v2\/types\/product"}],"wp:featuredmedia":[{"embeddable":true,"href":"https:\/\/shop.madeonearth.cz\/cz\/wp-json\/wp\/v2\/media\/38"}],"wp:attachment":[{"href":"https:\/\/shop.madeonearth.cz\/cz\/wp-json\/wp\/v2\/media?parent=40"}],"wp:term":[{"taxonomy":"product_brand","embeddable":true,"href":"https:\/\/shop.madeonearth.cz\/cz\/wp-json\/wp\/v2\/product_brand?post=40"},{"taxonomy":"product_cat","embeddable":true,"href":"https:\/\/shop.madeonearth.cz\/cz\/wp-json\/wp\/v2\/product_cat?post=40"},{"taxonomy":"product_tag","embeddable":true,"href":"https:\/\/shop.madeonearth.cz\/cz\/wp-json\/wp\/v2\/product_tag?post=40"}],"curies":[{"name":"wp","href":"https:\/\/api.w.org\/{rel}","templated":true}]}}