{"id":3,"date":"2024-03-31T11:58:15","date_gmt":"2024-03-31T11:58:15","guid":{"rendered":"https:\/\/shop.madeonearth.cz\/?page_id=3"},"modified":"2024-11-27T19:14:19","modified_gmt":"2024-11-27T18:14:19","slug":"privacy-policy","status":"publish","type":"page","link":"https:\/\/shop.madeonearth.cz\/en\/privacy-policy\/","title":{"rendered":""},"content":{"rendered":"\n<p class=\"has-vivid-cyan-blue-color has-text-color has-link-color wp-elements-16f63a07384cdc2b11d72b8c938537e2\"><a href=\"#privacy-policy-EN\" data-type=\"internal\" data-id=\"#privacy-policy-EN\">English version below<\/a><\/p>\n\n\n\n<h2 class=\"wp-block-heading has-white-color has-black-background-color has-text-color has-background has-link-color wp-elements-65a515925867ee3c363ef1c69bf4b275\">Spr\u00e1va osobn\u00edch \u00fadaj\u016f<\/h2>\n\n\n\n<h2 class=\"wp-block-heading\">Kdo jsme<\/h2>\n\n\n\n<p>Adresa webov\u00fdch str\u00e1nek je: https:\/\/shop.madeonearth.cz.<\/p>\n\n\n\n<h2 class=\"wp-block-heading\" style=\"text-decoration:underline\">Va\u0161e osobn\u00ed \u00fadaje:<\/h2>\n\n\n\n<p>Jedin\u00e9 osobn\u00ed \u00fadaje o v\u00e1s jsou ty, kter\u00e9 jste uvedli v objedn\u00e1vce. Pou\u017e\u00edv\u00e1me je v\u00fdhradn\u011b pro zpracov\u00e1n\u00ed va\u0161\u00ed objedn\u00e1vky. Neprov\u00e1d\u00edme s nimi \u017e\u00e1dnou anal\u00fdzu. Sd\u00edl\u00edme je pouze v nutn\u00fdch p\u0159\u00edpadech, nap\u0159. s p\u0159epravn\u00ed spole\u010dnost\u00ed nebo slu\u017ebami pro zpracov\u00e1n\u00ed \u00fa\u010detnictv\u00ed. V \u00fa\u010detnictv\u00ed va\u0161e \u00fadaje tak\u00e9 uchov\u00e1v\u00e1me.<\/p>\n\n\n\n<p>M\u016f\u017eete po\u017e\u00e1dat, abychom vymazali ve\u0161ker\u00e9 osobn\u00ed \u00fadaje, kter\u00e9 o v\u00e1s m\u00e1me, co\u017e miler\u00e1di provedeme. Po\u017eadavku nem\u016f\u017eeme vyhov\u011bt jen v p\u0159\u00edpad\u011b, \u017ee dan\u00e9 \u00fadaje jsme povinni uchov\u00e1vat pro administrativn\u00ed, pr\u00e1vn\u00ed nebo bezpe\u010dnostn\u00ed \u00fa\u010dely podle pr\u00e1vn\u00edch p\u0159edpis\u016f EU a \u010cesk\u00e9 republiky.<\/p>\n\n\n\n<h2 class=\"wp-block-heading\" style=\"text-decoration:underline\">Va\u0161e elektronick\u00e9 \u00fadaje:<\/h2>\n\n\n\n<h2 class=\"wp-block-heading\">Koment\u00e1\u0159e<\/h2>\n\n\n\n<p>Zanech\u00e1-li  n\u00e1v\u0161t\u011bvn\u00edk na na\u0161em webu koment\u00e1\u0159e, shroma\u017e\u010fujeme \u00fadaje zobrazen\u00e9 ve formul\u00e1\u0159i koment\u00e1\u0159\u016f a tak\u00e9 IP adresu n\u00e1v\u0161t\u011bvn\u00edka a u\u017eivatelsk\u00fd hash \/ \u0159et\u011bzec prohl\u00ed\u017ee\u010de, kter\u00fd pom\u00e1h\u00e1 detekovat spam.<\/p>\n\n\n\n<p>Slu\u017eb\u011b Gravatar m\u016f\u017ee b\u00fdt poskytnut anonymn\u00ed \u0159et\u011bzec vytvo\u0159en\u00fd z va\u0161\u00ed e-mailov\u00e9 adresy (tzv. hash), aby se zjistilo, zda jej pou\u017e\u00edv\u00e1te. Z\u00e1sady ochrany osobn\u00edch \u00fadaj\u016f Gravatar jsou k dispozici zde: https:\/\/automattic.com\/privacy\/. Po schv\u00e1len\u00ed va\u0161eho koment\u00e1\u0159e je v\u00e1\u0161 profilov\u00fd obr\u00e1zek viditeln\u00fd pro ve\u0159ejnost v kontextu va\u0161eho koment\u00e1\u0159e.<\/p>\n\n\n\n<h2 class=\"wp-block-heading\">Cookies<\/h2>\n\n\n\n<p>Pou\u017e\u00edv\u00e1me pouze funk\u010dn\u00ed soubory cookie. Nepou\u017e\u00edv\u00e1me ani analytick\u00e9, ani reklamn\u00ed soubory cookie.<br>Kdy\u017e se p\u0159ihl\u00e1s\u00edte, zap\u00ed\u0161e se na va\u0161e za\u0159\u00edzen\u00ed tak\u00e9 n\u011bkolik soubor\u016f cookie, abychom uchovali va\u0161e p\u0159ihla\u0161ovac\u00ed \u00fadaje a nastaven\u00ed obrazovky. Z\u00e1pis t\u011bchto cookies trv\u00e1 dva dny a soubory cookie o nastaven\u00ed obrazovky vydr\u017e\u00ed rok. Pokud si vyberete \u201ePamatujte si m\u011b\u201c, va\u0161e p\u0159ihl\u00e1\u0161en\u00ed bude trvat dva t\u00fddny. Pokud se odhl\u00e1s\u00edte z \u00fa\u010dtu, budou p\u0159ihla\u0161ovac\u00ed cookies odstran\u011bny.<\/p>\n\n\n\n<p>Cookies \u201e__stripe_\u201c jsou nastaveny platebn\u00ed br\u00e1nou Stripe, kter\u00e1 poskytuje platby kartou.<\/p>\n\n\n\n<p>Cookies syst\u00e9mu e-shopov\u00e9hu n\u00e1stroje WooCommerce s podrobnostmi jsou uvedeny v tabulce n\u00ed\u017ee:<\/p>\n\n\n\n<figure class=\"wp-block-table\"><table class=\"has-fixed-layout\"><thead><tr><th>N\u00e1zev souboru: Cookie<\/th><th>Trv\u00e1n\u00ed<\/th><th>\u00da\u010del<\/th><\/tr><\/thead><tbody><tr><td><code>woocommerce_cart_hash<\/code><\/td><td>session<\/td><td>Pom\u00e1h\u00e1 WooCommerce zjistit, kdy\u017e se zm\u011bn\u00ed obsah\/data.<\/td><\/tr><tr><td><code>woocommerce_items_in_cart<\/code><\/td><td>session<\/td><td>Pom\u00e1h\u00e1 WooCommerce zjistit, kdy\u017e se zm\u011bn\u00ed obsah\/data.<\/td><\/tr><tr><td><code>wp_woocommerce_session_<\/code><\/td><td>2 dny<\/td><td>Obsahuje jedine\u010dn\u00fd z\u00e1kaznick\u00fd k\u00f3d, ketr\u00fd propojuje u\u017eivatele s jeho obsahem ko\u0161\u00edku na serveru.<\/td><\/tr><tr><td><code>woocommerce_recently_viewed<\/code><\/td><td>session<\/td><td>Zapisuje posledn\u011b prohl\u00ed\u017een\u00e9 produkty.<\/td><\/tr><tr><td><code>store_notice[notice id]<\/code><\/td><td>session<\/td><td>Umo\u017e\u0148uje z\u00e1kazn\u00edk\u016fm zam\u00edtnout <a href=\"https:\/\/woocommerce.com\/document\/woocommerce-customizer\/#section-2\">ozn\u00e1men\u00ed<\/a> o obchodu.<\/td><\/tr><\/tbody><\/table><\/figure>\n\n\n\n<h2 class=\"wp-block-heading\">Seznam aktu\u00e1ln\u00edch soubor\u016f cookie:<\/h2>\n\n\n\n<div class=\"wp-block-columns is-layout-flex wp-container-core-columns-is-layout-28f84493 wp-block-columns-is-layout-flex\">\n<div class=\"wp-block-column is-layout-flow wp-block-column-is-layout-flow\">\n<script>\n\/\/ roz\u0159ez\u00e1n\u00ed cookies\n\/\/ vznik\u00e1 asociativn\u00ed pole poleCookies\ndocument.write( \"*** Za\u010d\u00e1tek v\u00fdpisu cookies \/ List of cookies - begin *** <br>\" ) ;\n\nrozsekaneCookies=document.cookie.split(\"; \")\npoleCookies= new Array;\nfor(i in rozsekaneCookies){\npoleCookies[(rozsekaneCookies[i].split(\"=\")[0])] = rozsekaneCookies[i].split(\"=\")[1];\ndocument.write( rozsekaneCookies[i] +\"<br>\" ) ; \n}\ndocument.write( \"<br>*** Konec v\u00fdpisu cookies \/ List of cookies - end  ***\" ) ;\n<\/script>\n<\/div>\n<\/div>\n\n\n\n<h2 class=\"wp-block-heading\">Jak dlouho si va\u0161e data uchov\u00e1v\u00e1me<\/h2>\n\n\n\n<p>Pokud zanech\u00e1te koment\u00e1\u0159, jsou koment\u00e1\u0159 i jeho metadata uchov\u00e1v\u00e1na trvale. To je proto, abychom mohli rozpoznat a schvalovat v\u0161echny n\u00e1sledn\u00e9 koment\u00e1\u0159e automaticky, m\u00edsto abychom je schvalovali jednotliv\u011b.<\/p>\n\n\n\n<p>Pro u\u017eivatele, kte\u0159\u00ed se zaregistruj\u00ed na na\u0161ich webov\u00fdch str\u00e1nk\u00e1ch (pokud v\u016fbec) uchov\u00e1v\u00e1me i osobn\u00ed \u00fadaje, kter\u00e9 poskytuj\u00ed ve sv\u00e9m u\u017eivatelsk\u00e9m profilu. V\u0161ichni u\u017eivatel\u00e9 mohou kdykoli vid\u011bt, upravit nebo odstranit sv\u00e9 osobn\u00ed \u00fadaje (ale nemohou zm\u011bnit sv\u00e9 u\u017eivatelsk\u00e9 jm\u00e9no). Spr\u00e1vci webov\u00fdch str\u00e1nek mohou tyto informace tak\u00e9 vid\u011bt a upravovat.<\/p>\n\n\n\n<h2 class=\"wp-block-heading\">Jak\u00e1 pr\u00e1va ke sv\u00fdm \u00fadaj\u016fm m\u00e1te<\/h2>\n\n\n\n<p>Pokud m\u00e1te \u00fa\u010det na t\u00e9to str\u00e1nce nebo jste zanechali koment\u00e1\u0159e, m\u016f\u017eete po\u017e\u00e1dat o obdr\u017een\u00ed exportovan\u00e9ho souboru osobn\u00edch \u00fadaj\u016f, kter\u00e9 o v\u00e1s m\u00e1me, v\u010detn\u011b v\u0161ech \u00fadaj\u016f, kter\u00e9 jste n\u00e1m poskytli. M\u016f\u017eete tak\u00e9 po\u017e\u00e1dat o vymaz\u00e1n\u00ed v\u0161ech osobn\u00edch \u00fadaj\u016f, kter\u00e9 o v\u00e1s m\u00e1me. To se nevztahuje na \u00fadaje, kter\u00e9 jsme povinni uchov\u00e1vat pro administrativn\u00ed, pr\u00e1vn\u00ed nebo bezpe\u010dnostn\u00ed \u00fa\u010dely.<\/p>\n\n\n\n<h2 class=\"wp-block-heading\">Obsah vlo\u017een\u00fd z jin\u00fdch webov\u00fdch str\u00e1nek<\/h2>\n\n\n\n<p>\u010cl\u00e1nky na t\u011bchto str\u00e1nk\u00e1ch mohou obsahovat vlo\u017een\u00fd obsah (nap\u0159. videa, obr\u00e1zky, p\u0159evzat\u00e9 \u010dl\u00e1nky atd.). Vlo\u017een\u00e9 obsahy z jin\u00fdch webov\u00fdch str\u00e1nek se chovaj\u00ed p\u0159esn\u011b stejn\u00fdm zp\u016fsobem, jako by n\u00e1v\u0161t\u011bvn\u00edk nav\u0161t\u00edvil tyto webov\u00e9 str\u00e1nky.<\/p>\n\n\n\n<p>Tyto jin\u00e9 webov\u00e9 str\u00e1nky mohou shroma\u017e\u010fovat \u00fadaje o v\u00e1s, pou\u017e\u00edvat soubory cookie, vlo\u017eit dal\u0161\u00ed sledov\u00e1n\u00ed t\u0159et\u00edch stran a sledovat va\u0161i interakci s t\u00edmto vlo\u017een\u00fdm obsahem, v\u010detn\u011b sledov\u00e1n\u00ed va\u0161\u00ed interakce s vlo\u017een\u00fdm obsahem, jestli\u017ee tam m\u00e1te \u00fa\u010det a jste na tyto webov\u00e9 str\u00e1nky p\u0159ihl\u00e1\u0161eni.<\/p>\n\n\n\n<h2 class=\"wp-block-heading\">Kam jsou va\u0161e \u00fadaje odes\u00edlan\u00e9<\/h2>\n\n\n\n<p>Koment\u00e1\u0159e n\u00e1v\u0161t\u011bvn\u00edk\u016f mohou b\u00fdt zkontrolov\u00e1ny prost\u0159ednictv\u00edm automatizovan\u00e9 slu\u017eby detekce spamu.<\/p>\n\n\n\n<div style=\"height:100px\" aria-hidden=\"true\" class=\"wp-block-spacer\"><\/div>\n\n\n\n<a id=\"privacy-policy-EN\"><\/a><br><br>\n\n\n\n<h2 class=\"wp-block-heading has-white-color has-black-background-color has-text-color has-background has-link-color wp-elements-333a79ac8ca4d147cd632a5f8e6f3325\">Privacy Policy &#8211; English version<\/h2>\n\n\n\n<h2 class=\"wp-block-heading\">Who we are<\/h2>\n\n\n\n<p>Our website address is: https:\/\/shop.madeonearth.cz.<\/p>\n\n\n\n<h2 class=\"wp-block-heading\">Your personal data<\/h2>\n\n\n\n<p>The only personal data about you are the one you have stated in the order. We use them solely for processing your order. We don&#8217;t sell them nor analyze them. We only share them in the necessary cases, eg with a shipping company or accounting services. We retain your data in our accounting. <\/p>\n\n\n\n<p>You can request that we erase any personal data we hold about you. This does not include any data we are obliged to keep for administrative, legal, or security purposes according to laws of EU and Czech Republic.<\/p>\n\n\n\n<h2 class=\"wp-block-heading\">Comments<\/h2>\n\n\n\n<p>When visitors leave comments on the site we collect the data shown in the comments form, and also the visitor\u2019s IP address and browser user agent string to help spam detection.<\/p>\n\n\n\n<p>An anonymized string created from your email address (also called a hash) may be provided to the Gravatar service to see if you are using it. The Gravatar service privacy policy is available here: https:\/\/automattic.com\/privacy\/. After approval of your comment, your profile picture is visible to the public in the context of your comment.<\/p>\n\n\n\n<h2 class=\"wp-block-heading\">Cookies<\/h2>\n\n\n\n<p>We use only the functional cookies. We don&#8217;t use neither analytics nor advertisment cookies.<br>When you log in, we will also set up several cookies to save your login information and your screen display choices. Login cookies last for two days, and screen options cookies last for a year. If you select &#8220;Remember Me&#8221;, your login will persist for two weeks. If you log out of your account, the login cookies will be removed.<\/p>\n\n\n\n<p>The cookies  &#8220;__stripe_&#8221; are set by Stripe payments gateway which provides the card payments.<\/p>\n\n\n\n<p>Details are provided in tables below, listing various cookies that are set for users of stores with the WodPress \/ WooCommerce e-shop solution.<\/p>\n\n\n\n<figure class=\"wp-block-table\"><table class=\"has-fixed-layout\"><thead><tr><th>Cookie Name<\/th><th>Duration<\/th><th>Purpose<\/th><\/tr><\/thead><tbody><tr><td><code>woocommerce_cart_hash<\/code><\/td><td>session<\/td><td>Helps WooCommerce determine when cart contents\/data changes.<\/td><\/tr><tr><td><code>woocommerce_items_in_cart<\/code><\/td><td>session<\/td><td>Helps WooCommerce determine when cart contents\/data changes.<\/td><\/tr><tr><td><code>wp_woocommerce_session_<\/code><\/td><td>2 days<\/td><td>Contains a unique code for each customer so that it knows where to find the cart data in the database for each customer.<\/td><\/tr><tr><td><code>woocommerce_recently_viewed<\/code><\/td><td>session<\/td><td>Powers the <a href=\"https:\/\/woocommerce.com\/document\/woocommerce-widgets\/\">Recent Viewed Products<\/a> widget.<\/td><\/tr><tr><td><code>store_notice[notice id]<\/code><\/td><td>session<\/td><td>Allows customers to dismiss the <a href=\"https:\/\/woocommerce.com\/document\/woocommerce-customizer\/#section-2\">Store Notice<\/a>.<\/td><\/tr><\/tbody><\/table><\/figure>\n\n\n\n<h2 class=\"wp-block-heading\">The list of current cookies:<\/h2>\n\n\n\n<div class=\"wp-block-columns is-layout-flex wp-container-core-columns-is-layout-28f84493 wp-block-columns-is-layout-flex\">\n<div class=\"wp-block-column is-layout-flow wp-block-column-is-layout-flow\">\n<script>\n\/\/ roz\u0159ez\u00e1n\u00ed cookies\n\/\/ vznik\u00e1 asociativn\u00ed pole poleCookies\ndocument.write( \"*** Za\u010d\u00e1tek v\u00fdpisu cookies \/ List of cookies - begin *** <br>\" ) ;\n\nrozsekaneCookies=document.cookie.split(\"; \")\npoleCookies= new Array;\nfor(i in rozsekaneCookies){\npoleCookies[(rozsekaneCookies[i].split(\"=\")[0])] = rozsekaneCookies[i].split(\"=\")[1];\ndocument.write( rozsekaneCookies[i] +\"<br>\" ) ; \n}\ndocument.write( \"<br>*** Konec v\u00fdpisu cookies \/ List of cookies - end  ***\" ) ;\n<\/script>\n<\/div>\n<\/div>\n\n\n\n<h2 class=\"wp-block-heading\">How long we retain your data<\/h2>\n\n\n\n<p>If you leave a comment, the comment and its metadata are retained indefinitely. This is so we can recognize and approve any follow-up comments automatically instead of holding them in a moderation queue.<\/p>\n\n\n\n<p>For users that register on our website (if any), we also store the personal information they provide in their user profile. All users can see, edit, or delete their personal information at any time (except they cannot change their username). Website administrators can also see and edit that information.<\/p>\n\n\n\n<h2 class=\"wp-block-heading\">What rights you have over your data<\/h2>\n\n\n\n<p>If you have an account on this site, or have left comments, you can request to receive an exported file of the personal data we hold about you, including any data you have provided to us. You can also request that we erase any personal data we hold about you. This does not include any data we are obliged to keep for administrative, legal, or security purposes.<\/p>\n\n\n\n<h2 class=\"wp-block-heading\">Embedded content from other websites<\/h2>\n\n\n\n<p>Articles on this site may include embedded content (e.g. videos, images, articles, etc.). Embedded content from other websites behaves in the exact same way as if the visitor has visited the other website.<\/p>\n\n\n\n<p>These websites may collect data about you, use cookies, embed additional third-party tracking, and monitor your interaction with that embedded content, including tracking your interaction with the embedded content if you have an account and are logged in to that website.<\/p>\n\n\n\n<h2 class=\"wp-block-heading\">Where your data is sent<\/h2>\n\n\n\n<p>Visitor comments may be checked through an automated spam detection service.<\/p>\n","protected":false},"excerpt":{"rendered":"<p>English version below Spr\u00e1va osobn\u00edch \u00fadaj\u016f Kdo jsme Adresa webov\u00fdch str\u00e1nek je: https:\/\/shop.madeonearth.cz. Va\u0161e osobn\u00ed \u00fadaje: Jedin\u00e9 osobn\u00ed \u00fadaje o v\u00e1s jsou ty, kter\u00e9 jste uvedli v objedn\u00e1vce. Pou\u017e\u00edv\u00e1me je v\u00fdhradn\u011b pro zpracov\u00e1n\u00ed va\u0161\u00ed objedn\u00e1vky. Neprov\u00e1d\u00edme s nimi \u017e\u00e1dnou anal\u00fdzu. Sd\u00edl\u00edme je pouze v nutn\u00fdch p\u0159\u00edpadech, nap\u0159. s p\u0159epravn\u00ed spole\u010dnost\u00ed nebo slu\u017ebami pro zpracov\u00e1n\u00ed \u00fa\u010detnictv\u00ed. [&hellip;]<\/p>\n","protected":false},"author":1,"featured_media":0,"parent":0,"menu_order":0,"comment_status":"closed","ping_status":"open","template":"","meta":{"footnotes":""},"folder":[],"class_list":["post-3","page","type-page","status-publish","hentry"],"_links":{"self":[{"href":"https:\/\/shop.madeonearth.cz\/en\/wp-json\/wp\/v2\/pages\/3","targetHints":{"allow":["GET"]}}],"collection":[{"href":"https:\/\/shop.madeonearth.cz\/en\/wp-json\/wp\/v2\/pages"}],"about":[{"href":"https:\/\/shop.madeonearth.cz\/en\/wp-json\/wp\/v2\/types\/page"}],"author":[{"embeddable":true,"href":"https:\/\/shop.madeonearth.cz\/en\/wp-json\/wp\/v2\/users\/1"}],"replies":[{"embeddable":true,"href":"https:\/\/shop.madeonearth.cz\/en\/wp-json\/wp\/v2\/comments?post=3"}],"version-history":[{"count":25,"href":"https:\/\/shop.madeonearth.cz\/en\/wp-json\/wp\/v2\/pages\/3\/revisions"}],"predecessor-version":[{"id":660,"href":"https:\/\/shop.madeonearth.cz\/en\/wp-json\/wp\/v2\/pages\/3\/revisions\/660"}],"wp:attachment":[{"href":"https:\/\/shop.madeonearth.cz\/en\/wp-json\/wp\/v2\/media?parent=3"}],"wp:term":[{"taxonomy":"folder","embeddable":true,"href":"https:\/\/shop.madeonearth.cz\/en\/wp-json\/wp\/v2\/folder?post=3"}],"curies":[{"name":"wp","href":"https:\/\/api.w.org\/{rel}","templated":true}]}}